{"id":316,"date":"2022-07-05T11:49:09","date_gmt":"2022-07-05T09:49:09","guid":{"rendered":"https:\/\/www.avita-living.at\/en\/?page_id=316"},"modified":"2022-09-14T11:49:23","modified_gmt":"2022-09-14T09:49:23","slug":"webcams","status":"publish","type":"page","link":"https:\/\/www.avita-living.at\/en\/summer\/webcams\/","title":{"rendered":"Webcams"},"content":{"rendered":"<section class=\"wp-block-container container heading\">\n<h2 class=\"wp-block-heading\">Panorama Webcams<\/h2>\n<\/section>\n\n<section class=\"wp-block-container container heading\">\n<h1 class=\"wp-block-heading\">ENJOY THE BEAUTY OF THE OLYMPIAREGION SEEFELD IN TIROL &#8211; LIVE!<\/h1>\n<\/section>\n\n<section class=\"wp-block-container container para\">\n<p>Up-to-the-minute pictures from Seefeld in Tirol, Leutasch, Scharnitz, Reith and M\u00f6sern-Buchen. \u00a9 Olympiaregion Seefeld<\/p>\n<\/section>\n\n\n<div style=\"height:30px\" aria-hidden=\"true\" class=\"wp-block-spacer\"><\/div>\n\n\n<section class=\"wp-block-container container\">\n<div class=\"wp-block-columns panorama_webcam is-layout-flex wp-container-core-columns-is-layout-9d6595d7 wp-block-columns-is-layout-flex\">\n<div class=\"wp-block-column is-layout-flow wp-block-column-is-layout-flow\"><section class=\"wp-block-container container heading\">\n<h4 class=\"wp-block-heading\">Seefelder Joch<\/h4>\n<\/section>\n\n\n<script type=\"text\/javascript\" src=\"https:\/\/static.panomax.com\/front\/thumbnail\/js\/pmaxthumbnail.js\"><\/script>\n<script type=\"text\/javascript\">\nPmaxThumbnail.place({\n\"instance\":488,\n\"width\":\"100%\",\n\"continuous\":false,\n\"map\":false,\n\"instanceName\":false,\n\"weather\":false,\n\"instanceLogo\":false,\n\"timelapse\":false,\n\"culture\":\"de-DE\"\n});\n<\/script>\n\n\n\n<div style=\"height:25px\" aria-hidden=\"true\" class=\"wp-block-spacer\"><\/div>\n\n\n<section class=\"wp-block-container container heading\">\n<h4 class=\"wp-block-heading\">Rossh\u00fctte<\/h4>\n<\/section>\n\n\n<script type=\"text\/javascript\" src=\"https:\/\/static.panomax.com\/front\/thumbnail\/js\/pmaxthumbnail.js\"><\/script>\n<script type=\"text\/javascript\">\nPmaxThumbnail.place({\n\"instance\":511,\n\"width\":\"100%\",\n\"continuous\":false,\n\"map\":false,\n\"instanceName\":false,\n\"weather\":false,\n\"instanceLogo\":false,\n\"timelapse\":false,\n\"culture\":\"de-DE\"\n});\n<\/script>\n\n\n\n<div style=\"height:25px\" aria-hidden=\"true\" class=\"wp-block-spacer\"><\/div>\n\n\n<section class=\"wp-block-container container heading\">\n<h4 class=\"wp-block-heading\">Seekirchl Panorama<\/h4>\n<\/section>\n\n\n<script type=\"text\/javascript\" src=\"https:\/\/static.panomax.com\/front\/thumbnail\/js\/pmaxthumbnail.js\"><\/script>\n<script type=\"text\/javascript\">\nPmaxThumbnail.place({\n\"instance\":580,\n\"width\":\"100%\",\n\"continuous\":false,\n\"map\":false,\n\"instanceName\":false,\n\"weather\":false,\n\"instanceLogo\":false,\n\"timelapse\":false,\n\"culture\":\"de-DE\"\n});\n<\/script>\n\n\n\n<div style=\"height:25px\" aria-hidden=\"true\" class=\"wp-block-spacer\"><\/div>\n\n\n<section class=\"wp-block-container container heading\">\n<h4 class=\"wp-block-heading\">M\u00f6sern<\/h4>\n<\/section>\n\n\n<script type=\"text\/javascript\" src=\"https:\/\/static.panomax.com\/front\/thumbnail\/js\/pmaxthumbnail.js\"><\/script>\n<script type=\"text\/javascript\">\nPmaxThumbnail.place({\n\"instance\":1135,\n\"width\":\"100%\",\n\"continuous\":false,\n\"map\":false,\n\"instanceName\":false,\n\"weather\":false,\n\"instanceLogo\":false,\n\"timelapse\":false,\n\"culture\":\"de-DE\"\n});\n<\/script>\n\n\n\n<div style=\"height:25px\" aria-hidden=\"true\" class=\"wp-block-spacer\"><\/div>\n\n\n<section class=\"wp-block-container container heading\">\n<h4 class=\"wp-block-heading\">Seefeld Schanze<\/h4>\n<\/section>\n\n\n<script type=\"text\/javascript\" src=\"https:\/\/static.panomax.com\/front\/thumbnail\/js\/pmaxthumbnail.js\"><\/script>\n<script type=\"text\/javascript\">\nPmaxThumbnail.place({\n\"instance\":1741,\n\"continuous\":false,\n\"map\":false,\n\"instanceName\":false,\n\"weather\":false,\n\"instanceLogo\":false,\n\"timelapse\":false,\n\"culture\":\"fi-FI\"\n});\n<\/script>\n\n\n\n<div style=\"height:25px\" aria-hidden=\"true\" class=\"wp-block-spacer\"><\/div>\n\n\n<section class=\"wp-block-container container heading\">\n<h4 class=\"wp-block-heading\">Leutasch Rotmoos<\/h4>\n<\/section>\n\n\n<script type=\"text\/javascript\" src=\"https:\/\/static.panomax.com\/front\/thumbnail\/js\/pmaxthumbnail.js\"><\/script>\n<script type=\"text\/javascript\">\nPmaxThumbnail.place({\n\"instance\":2567,\n\"width\":\"100%\",\n\"continuous\":false,\n\"map\":false,\n\"instanceName\":false,\n\"weather\":false,\n\"instanceLogo\":false,\n\"timelapse\":false,\n\"culture\":\"de-DE\"\n});\n<\/script>\n<\/div>\n\n\n\n<div class=\"wp-block-column is-layout-flow wp-block-column-is-layout-flow\"><section class=\"wp-block-container container heading\">\n<h4 class=\"wp-block-heading\">H\u00e4rmelekopf<\/h4>\n<\/section>\n\n\n<script type=\"text\/javascript\" src=\"https:\/\/static.panomax.com\/front\/thumbnail\/js\/pmaxthumbnail.js\"><\/script>\n<script type=\"text\/javascript\">\nPmaxThumbnail.place({\n\"instance\":499,\n\"width\":\"100%\",\n\"continuous\":false,\n\"map\":false,\n\"instanceName\":false,\n\"weather\":false,\n\"instanceLogo\":false,\n\"timelapse\":false,\n\"culture\":\"de-DE\"\n});\n<\/script>\n\n\n\n<div style=\"height:25px\" aria-hidden=\"true\" class=\"wp-block-spacer\"><\/div>\n\n\n<section class=\"wp-block-container container heading\">\n<h4 class=\"wp-block-heading\">Seefed Kirche Ort<\/h4>\n<\/section>\n\n\n<script type=\"text\/javascript\" src=\"https:\/\/static.panomax.com\/front\/thumbnail\/js\/pmaxthumbnail.js\"><\/script>\n<script type=\"text\/javascript\">\nPmaxThumbnail.place({\n\"instance\":556,\n\"width\":\"100%\",\n\"continuous\":false,\n\"map\":false,\n\"instanceName\":false,\n\"weather\":false,\n\"instanceLogo\":false,\n\"timelapse\":false,\n\"culture\":\"de-DE\"\n});\n<\/script>\n\n\n\n<div style=\"height:25px\" aria-hidden=\"true\" class=\"wp-block-spacer\"><\/div>\n\n\n<section class=\"wp-block-container container heading\">\n<h4 class=\"wp-block-heading\">Leutasch Quellenhof<\/h4>\n<\/section>\n\n\n<script type=\"text\/javascript\" src=\"https:\/\/static.panomax.com\/front\/thumbnail\/js\/pmaxthumbnail.js\"><\/script>\n<script type=\"text\/javascript\">\nPmaxThumbnail.place({\n\"instance\":869,\n\"width\":\"100%\",\n\"continuous\":false,\n\"map\":false,\n\"instanceName\":false,\n\"weather\":false,\n\"instanceLogo\":false,\n\"timelapse\":false,\n\"culture\":\"de-DE\"\n});\n<\/script>\n\n\n\n<div style=\"height:25px\" aria-hidden=\"true\" class=\"wp-block-spacer\"><\/div>\n\n\n<section class=\"wp-block-container container heading\">\n<h4 class=\"wp-block-heading\">Scharnitz<\/h4>\n<\/section>\n\n\n<script type=\"text\/javascript\" src=\"https:\/\/static.panomax.com\/front\/thumbnail\/js\/pmaxthumbnail.js\"><\/script>\n<script type=\"text\/javascript\">\nPmaxThumbnail.place({\n\"instance\":1654,\n\"width\":\"100%\",\n\"continuous\":false,\n\"map\":false,\n\"instanceName\":false,\n\"weather\":false,\n\"instanceLogo\":false,\n\"timelapse\":false,\n\"culture\":\"de-DE\"\n});\n<\/script>\n\n\n\n<div style=\"height:25px\" aria-hidden=\"true\" class=\"wp-block-spacer\"><\/div>\n\n\n<section class=\"wp-block-container container heading\">\n<h4 class=\"wp-block-heading\">Reith bei Seefeld<\/h4>\n<\/section>\n\n\n<script type=\"text\/javascript\" src=\"https:\/\/static.panomax.com\/front\/thumbnail\/js\/pmaxthumbnail.js\"><\/script>\n<script type=\"text\/javascript\">\nPmaxThumbnail.place({\n\"instance\":1834,\n\"width\":\"100%\",\n\"continuous\":false,\n\"map\":false,\n\"instanceName\":false,\n\"weather\":false,\n\"instanceLogo\":false,\n\"timelapse\":false,\n\"culture\":\"de-DE\"\n});\n<\/script>\n\n\n\n<div style=\"height:25px\" aria-hidden=\"true\" class=\"wp-block-spacer\"><\/div>\n\n\n<section class=\"wp-block-container container heading\">\n<h4 class=\"wp-block-heading\">Leutasch Moos<\/h4>\n<\/section>\n\n\n<script type=\"text\/javascript\" src=\"https:\/\/static.panomax.com\/front\/thumbnail\/js\/pmaxthumbnail.js\"><\/script>\n<script type=\"text\/javascript\">\nPmaxThumbnail.place({\n\"instance\":3185,\n\"width\":\"100%\",\n\"continuous\":false,\n\"map\":false,\n\"instanceName\":false,\n\"weather\":false,\n\"instanceLogo\":false,\n\"timelapse\":false,\n\"culture\":\"de-DE\"\n});\n<\/script>\n<\/div>\n<\/div>\n<\/section>\n\n\n<div style=\"height:30px\" aria-hidden=\"true\" class=\"wp-block-spacer\"><\/div>\n\n\n<div class=\"wp-block-image img_centered\"><section class=\"wp-block-container container image\">\n<figure class=\"aligncenter size-large is-resized\"><img loading=\"lazy\" decoding=\"async\" src=\"https:\/\/www.avita-living.at\/en\/wp-content\/uploads\/sites\/10\/2022\/07\/SAFE-SERVICE_R__Logo_farbig-1024x1024.jpeg\" alt=\"Safe Service\" class=\"wp-image-271\" width=\"177\" height=\"177\" srcset=\"https:\/\/www.avita-living.at\/en\/wp-content\/uploads\/sites\/10\/2022\/07\/SAFE-SERVICE_R__Logo_farbig.jpeg 1024w, https:\/\/www.avita-living.at\/en\/wp-content\/uploads\/sites\/10\/2022\/07\/SAFE-SERVICE_R__Logo_farbig-300x300.jpeg 300w, https:\/\/www.avita-living.at\/en\/wp-content\/uploads\/sites\/10\/2022\/07\/SAFE-SERVICE_R__Logo_farbig-100x100.jpeg 100w, https:\/\/www.avita-living.at\/en\/wp-content\/uploads\/sites\/10\/2022\/07\/SAFE-SERVICE_R__Logo_farbig-600x600.jpeg 600w, https:\/\/www.avita-living.at\/en\/wp-content\/uploads\/sites\/10\/2022\/07\/SAFE-SERVICE_R__Logo_farbig-150x150.jpeg 150w, https:\/\/www.avita-living.at\/en\/wp-content\/uploads\/sites\/10\/2022\/07\/SAFE-SERVICE_R__Logo_farbig-768x768.jpeg 768w, https:\/\/www.avita-living.at\/en\/wp-content\/uploads\/sites\/10\/2022\/07\/SAFE-SERVICE_R__Logo_farbig-50x50.jpeg 50w, https:\/\/www.avita-living.at\/en\/wp-content\/uploads\/sites\/10\/2022\/07\/SAFE-SERVICE_R__Logo_farbig-86x86.jpeg 86w, https:\/\/www.avita-living.at\/en\/wp-content\/uploads\/sites\/10\/2022\/07\/SAFE-SERVICE_R__Logo_farbig-230x230.jpeg 230w, https:\/\/www.avita-living.at\/en\/wp-content\/uploads\/sites\/10\/2022\/07\/SAFE-SERVICE_R__Logo_farbig-591x591.jpeg 591w, https:\/\/www.avita-living.at\/en\/wp-content\/uploads\/sites\/10\/2022\/07\/SAFE-SERVICE_R__Logo_farbig-791x791.jpeg 791w, https:\/\/www.avita-living.at\/en\/wp-content\/uploads\/sites\/10\/2022\/07\/SAFE-SERVICE_R__Logo_farbig-270x270.jpeg 270w\" sizes=\"auto, (max-width: 177px) 100vw, 177px\" \/><\/figure>\n<\/section><\/div>\n\n<section class=\"  cards-slider-copy\">\n    <div class=\"cards-slider-copy-inner container\">\n                        <div class=\"entry-cards-slider-classic\">\n                                                            <a href=\"https:\/\/www.viktoria.at\/\">\n                                                    <div class=\"card-item\" style=\"background-image: url(https:\/\/www.avita-living.at\/en\/wp-content\/uploads\/sites\/10\/2022\/08\/CF054667-1-791x593-1.jpeg);\">\n                                                                <div class=\"card-head\">\n                                    <img decoding=\"async\" src=\"https:\/\/www.avita-living.at\/en\/wp-content\/uploads\/sites\/10\/2022\/08\/viktoria-square-230x230.png\" alt=\"Viktoria\"  title=\"viktoria-square\">\n                                <\/div>\n                                                                                                <div class=\"card-body\">\n                                                                        <h2 class=\"card-title white\">Viktoria Residences<\/h2>\n                                                                                                            <p>SEEFELD TIROL<\/p>\n                                                                                                            <h3 class=\"card-sub-title white\">SEEFELD TIROL<\/h3>\n                                                                        <div class=\"btn-square\">\n                                        <span class=\"card-link\">\n                                            <img decoding=\"async\" src=\"https:\/\/www.avita-living.at\/en\/wp-content\/themes\/avita\/img\/icons\/arrow-right-icon-white.svg\" alt=\"arrow-right\">\n                                        <\/span>\n                                    <\/div>\n                                <\/div>\n                                                            <\/div>\n                                                <\/a>\n                                                             \n                                                            <a href=\"https:\/\/www.avita-living.at\/en\/\">\n                                                    <div class=\"card-item\" style=\"background-image: url(https:\/\/www.avita-living.at\/en\/wp-content\/uploads\/sites\/10\/2022\/08\/top15_04-1-791x527-1.jpeg);\">\n                                                                <div class=\"card-head\">\n                                    <img decoding=\"async\" src=\"https:\/\/www.avita-living.at\/en\/wp-content\/uploads\/sites\/10\/2022\/06\/avita-living-230x230.png\" alt=\"Living\"  title=\"avita-living\">\n                                <\/div>\n                                                                                                <div class=\"card-body\">\n                                                                        <h2 class=\"card-title white\">A-VITA living<\/h2>\n                                                                                                            <p>SEEFELD TIROL<\/p>\n                                                                                                            <h3 class=\"card-sub-title white\">SEEFELD TIROL<\/h3>\n                                                                        <div class=\"btn-square\">\n                                        <span class=\"card-link\">\n                                            <img decoding=\"async\" src=\"https:\/\/www.avita-living.at\/en\/wp-content\/themes\/avita\/img\/icons\/arrow-right-icon-white.svg\" alt=\"arrow-right\">\n                                        <\/span>\n                                    <\/div>\n                                <\/div>\n                                                            <\/div>\n                                                <\/a>\n                                                             \n                    <\/div>\n\n        \n    <div class=\"entry-cards-slider-dots\"><\/div>\n            <\/div>\n    <\/section>    \n","protected":false},"excerpt":{"rendered":"<p>Panorama Webcams ENJOY THE BEAUTY OF THE OLYMPIAREGION SEEFELD IN TIROL &#8211; LIVE! Up-to-the-minute pictures from Seefeld in Tirol, Leutasch, Scharnitz, Reith and M\u00f6sern-Buchen. \u00a9 Olympiaregion Seefeld Seefelder Joch Rossh\u00fctte Seekirchl Panorama M\u00f6sern Seefeld Schanze Leutasch Rotmoos H\u00e4rmelekopf Seefed Kirche Ort Leutasch Quellenhof Scharnitz Reith bei Seefeld Leutasch Moos<\/p>\n","protected":false},"author":2,"featured_media":0,"parent":55,"menu_order":0,"comment_status":"closed","ping_status":"closed","template":"","meta":{"_acf_changed":false,"footnotes":""},"class_list":["post-316","page","type-page","status-publish","hentry"],"acf":[],"yoast_head":"<!-- This site is optimized with the Yoast SEO plugin v27.5 - https:\/\/yoast.com\/product\/yoast-seo-wordpress\/ -->\n<title>Webcams :: A-VITA living - Luxury-Apartments \u00b7 Seefeld \u00b7 Tirol<\/title>\n<meta name=\"description\" content=\"Experience Seefeld live online by viewing our numerous webcams and thus already get in the mood for your vacation.\" \/>\n<meta name=\"robots\" content=\"index, follow, max-snippet:-1, max-image-preview:large, max-video-preview:-1\" \/>\n<link rel=\"canonical\" href=\"https:\/\/www.avita-living.at\/en\/summer\/webcams\/\" \/>\n<meta property=\"og:locale\" content=\"en_US\" \/>\n<meta property=\"og:type\" content=\"article\" \/>\n<meta property=\"og:title\" content=\"Webcams :: A-VITA living - Luxury-Apartments \u00b7 Seefeld \u00b7 Tirol\" \/>\n<meta property=\"og:description\" content=\"Experience Seefeld live online by viewing our numerous webcams and thus already get in the mood for your vacation.\" \/>\n<meta property=\"og:url\" content=\"https:\/\/www.avita-living.at\/en\/summer\/webcams\/\" \/>\n<meta property=\"og:site_name\" content=\"EN A-Vita Living\" \/>\n<meta property=\"article:modified_time\" content=\"2022-09-14T09:49:23+00:00\" \/>\n<meta name=\"twitter:card\" content=\"summary_large_image\" \/>\n<meta name=\"twitter:label1\" content=\"Est. reading time\" \/>\n\t<meta name=\"twitter:data1\" content=\"1 minute\" \/>\n<script type=\"application\/ld+json\" class=\"yoast-schema-graph\">{\"@context\":\"https:\\\/\\\/schema.org\",\"@graph\":[{\"@type\":\"WebPage\",\"@id\":\"https:\\\/\\\/www.avita-living.at\\\/en\\\/summer\\\/webcams\\\/\",\"url\":\"https:\\\/\\\/www.avita-living.at\\\/en\\\/summer\\\/webcams\\\/\",\"name\":\"Webcams :: A-VITA living - Luxury-Apartments \u00b7 Seefeld \u00b7 Tirol\",\"isPartOf\":{\"@id\":\"https:\\\/\\\/www.avita-living.at\\\/en\\\/#website\"},\"datePublished\":\"2022-07-05T09:49:09+00:00\",\"dateModified\":\"2022-09-14T09:49:23+00:00\",\"description\":\"Experience Seefeld live online by viewing our numerous webcams and thus already get in the mood for your vacation.\",\"breadcrumb\":{\"@id\":\"https:\\\/\\\/www.avita-living.at\\\/en\\\/summer\\\/webcams\\\/#breadcrumb\"},\"inLanguage\":\"en-US\",\"potentialAction\":[{\"@type\":\"ReadAction\",\"target\":[\"https:\\\/\\\/www.avita-living.at\\\/en\\\/summer\\\/webcams\\\/\"]}]},{\"@type\":\"BreadcrumbList\",\"@id\":\"https:\\\/\\\/www.avita-living.at\\\/en\\\/summer\\\/webcams\\\/#breadcrumb\",\"itemListElement\":[{\"@type\":\"ListItem\",\"position\":1,\"name\":\"Summer\",\"item\":\"https:\\\/\\\/www.avita-living.at\\\/en\\\/summer\\\/\"},{\"@type\":\"ListItem\",\"position\":2,\"name\":\"Webcams\"}]},{\"@type\":\"WebSite\",\"@id\":\"https:\\\/\\\/www.avita-living.at\\\/en\\\/#website\",\"url\":\"https:\\\/\\\/www.avita-living.at\\\/en\\\/\",\"name\":\"EN A-Vita Living\",\"description\":\"Luxury Apartments in Seefeld\",\"publisher\":{\"@id\":\"https:\\\/\\\/www.avita-living.at\\\/en\\\/#organization\"},\"potentialAction\":[{\"@type\":\"SearchAction\",\"target\":{\"@type\":\"EntryPoint\",\"urlTemplate\":\"https:\\\/\\\/www.avita-living.at\\\/en\\\/?s={search_term_string}\"},\"query-input\":{\"@type\":\"PropertyValueSpecification\",\"valueRequired\":true,\"valueName\":\"search_term_string\"}}],\"inLanguage\":\"en-US\"},{\"@type\":\"Organization\",\"@id\":\"https:\\\/\\\/www.avita-living.at\\\/en\\\/#organization\",\"name\":\"EN A-Vita Living\",\"url\":\"https:\\\/\\\/www.avita-living.at\\\/en\\\/\",\"logo\":{\"@type\":\"ImageObject\",\"inLanguage\":\"en-US\",\"@id\":\"https:\\\/\\\/www.avita-living.at\\\/en\\\/#\\\/schema\\\/logo\\\/image\\\/\",\"url\":\"https:\\\/\\\/www.avita-living.at\\\/en\\\/wp-content\\\/uploads\\\/sites\\\/10\\\/2022\\\/07\\\/avita-living.svg\",\"contentUrl\":\"https:\\\/\\\/www.avita-living.at\\\/en\\\/wp-content\\\/uploads\\\/sites\\\/10\\\/2022\\\/07\\\/avita-living.svg\",\"caption\":\"EN A-Vita Living\"},\"image\":{\"@id\":\"https:\\\/\\\/www.avita-living.at\\\/en\\\/#\\\/schema\\\/logo\\\/image\\\/\"}}]}<\/script>\n<!-- \/ Yoast SEO plugin. -->","yoast_head_json":{"title":"Webcams :: A-VITA living - Luxury-Apartments \u00b7 Seefeld \u00b7 Tirol","description":"Experience Seefeld live online by viewing our numerous webcams and thus already get in the mood for your vacation.","robots":{"index":"index","follow":"follow","max-snippet":"max-snippet:-1","max-image-preview":"max-image-preview:large","max-video-preview":"max-video-preview:-1"},"canonical":"https:\/\/www.avita-living.at\/en\/summer\/webcams\/","og_locale":"en_US","og_type":"article","og_title":"Webcams :: A-VITA living - Luxury-Apartments \u00b7 Seefeld \u00b7 Tirol","og_description":"Experience Seefeld live online by viewing our numerous webcams and thus already get in the mood for your vacation.","og_url":"https:\/\/www.avita-living.at\/en\/summer\/webcams\/","og_site_name":"EN A-Vita Living","article_modified_time":"2022-09-14T09:49:23+00:00","twitter_card":"summary_large_image","twitter_misc":{"Est. reading time":"1 minute"},"schema":{"@context":"https:\/\/schema.org","@graph":[{"@type":"WebPage","@id":"https:\/\/www.avita-living.at\/en\/summer\/webcams\/","url":"https:\/\/www.avita-living.at\/en\/summer\/webcams\/","name":"Webcams :: A-VITA living - Luxury-Apartments \u00b7 Seefeld \u00b7 Tirol","isPartOf":{"@id":"https:\/\/www.avita-living.at\/en\/#website"},"datePublished":"2022-07-05T09:49:09+00:00","dateModified":"2022-09-14T09:49:23+00:00","description":"Experience Seefeld live online by viewing our numerous webcams and thus already get in the mood for your vacation.","breadcrumb":{"@id":"https:\/\/www.avita-living.at\/en\/summer\/webcams\/#breadcrumb"},"inLanguage":"en-US","potentialAction":[{"@type":"ReadAction","target":["https:\/\/www.avita-living.at\/en\/summer\/webcams\/"]}]},{"@type":"BreadcrumbList","@id":"https:\/\/www.avita-living.at\/en\/summer\/webcams\/#breadcrumb","itemListElement":[{"@type":"ListItem","position":1,"name":"Summer","item":"https:\/\/www.avita-living.at\/en\/summer\/"},{"@type":"ListItem","position":2,"name":"Webcams"}]},{"@type":"WebSite","@id":"https:\/\/www.avita-living.at\/en\/#website","url":"https:\/\/www.avita-living.at\/en\/","name":"EN A-Vita Living","description":"Luxury Apartments in Seefeld","publisher":{"@id":"https:\/\/www.avita-living.at\/en\/#organization"},"potentialAction":[{"@type":"SearchAction","target":{"@type":"EntryPoint","urlTemplate":"https:\/\/www.avita-living.at\/en\/?s={search_term_string}"},"query-input":{"@type":"PropertyValueSpecification","valueRequired":true,"valueName":"search_term_string"}}],"inLanguage":"en-US"},{"@type":"Organization","@id":"https:\/\/www.avita-living.at\/en\/#organization","name":"EN A-Vita Living","url":"https:\/\/www.avita-living.at\/en\/","logo":{"@type":"ImageObject","inLanguage":"en-US","@id":"https:\/\/www.avita-living.at\/en\/#\/schema\/logo\/image\/","url":"https:\/\/www.avita-living.at\/en\/wp-content\/uploads\/sites\/10\/2022\/07\/avita-living.svg","contentUrl":"https:\/\/www.avita-living.at\/en\/wp-content\/uploads\/sites\/10\/2022\/07\/avita-living.svg","caption":"EN A-Vita Living"},"image":{"@id":"https:\/\/www.avita-living.at\/en\/#\/schema\/logo\/image\/"}}]}},"_links":{"self":[{"href":"https:\/\/www.avita-living.at\/en\/wp-json\/wp\/v2\/pages\/316","targetHints":{"allow":["GET"]}}],"collection":[{"href":"https:\/\/www.avita-living.at\/en\/wp-json\/wp\/v2\/pages"}],"about":[{"href":"https:\/\/www.avita-living.at\/en\/wp-json\/wp\/v2\/types\/page"}],"author":[{"embeddable":true,"href":"https:\/\/www.avita-living.at\/en\/wp-json\/wp\/v2\/users\/2"}],"replies":[{"embeddable":true,"href":"https:\/\/www.avita-living.at\/en\/wp-json\/wp\/v2\/comments?post=316"}],"version-history":[{"count":7,"href":"https:\/\/www.avita-living.at\/en\/wp-json\/wp\/v2\/pages\/316\/revisions"}],"predecessor-version":[{"id":2219,"href":"https:\/\/www.avita-living.at\/en\/wp-json\/wp\/v2\/pages\/316\/revisions\/2219"}],"up":[{"embeddable":true,"href":"https:\/\/www.avita-living.at\/en\/wp-json\/wp\/v2\/pages\/55"}],"wp:attachment":[{"href":"https:\/\/www.avita-living.at\/en\/wp-json\/wp\/v2\/media?parent=316"}],"curies":[{"name":"wp","href":"https:\/\/api.w.org\/{rel}","templated":true}]}}